{"id":2,"date":"2022-01-08T17:55:10","date_gmt":"2022-01-08T17:55:10","guid":{"rendered":"https:\/\/psycholog-psychoterapeuta.slask.pl\/wp\/?page_id=2"},"modified":"2022-02-12T12:47:23","modified_gmt":"2022-02-12T12:47:23","slug":"sample-page","status":"publish","type":"page","link":"https:\/\/psycholog-psychoterapeuta.slask.pl\/index.php\/sample-page\/","title":{"rendered":"O mnie"},"content":{"rendered":"\t\t<div data-elementor-type=\"wp-page\" data-elementor-id=\"2\" class=\"elementor elementor-2\">\n\t\t\t\t\t\t<section class=\"elementor-section elementor-top-section elementor-element elementor-element-3819458 elementor-section-boxed elementor-section-height-default elementor-section-height-default\" data-id=\"3819458\" data-element_type=\"section\" data-e-type=\"section\">\n\t\t\t\t\t\t<div class=\"elementor-container elementor-column-gap-default\">\n\t\t\t\t\t<div class=\"elementor-column elementor-col-100 elementor-top-column elementor-element elementor-element-ad6dca9\" data-id=\"ad6dca9\" data-element_type=\"column\" data-e-type=\"column\">\n\t\t\t<div class=\"elementor-widget-wrap elementor-element-populated\">\n\t\t\t\t\t\t<div class=\"elementor-element elementor-element-9958961 elementor-widget elementor-widget-heading\" data-id=\"9958961\" data-element_type=\"widget\" data-e-type=\"widget\" data-widget_type=\"heading.default\">\n\t\t\t\t<div class=\"elementor-widget-container\">\n\t\t\t\t\t<h2 class=\"elementor-heading-title elementor-size-default\">Leszek Albert<\/h2>\t\t\t\t<\/div>\n\t\t\t\t<\/div>\n\t\t\t\t\t<\/div>\n\t\t<\/div>\n\t\t\t\t\t<\/div>\n\t\t<\/section>\n\t\t\t\t<section class=\"elementor-section elementor-top-section elementor-element elementor-element-70d30704 elementor-section-boxed elementor-section-height-default elementor-section-height-default\" data-id=\"70d30704\" data-element_type=\"section\" data-e-type=\"section\">\n\t\t\t\t\t\t<div class=\"elementor-container elementor-column-gap-default\">\n\t\t\t\t\t<div class=\"elementor-column elementor-col-100 elementor-top-column elementor-element elementor-element-17730e02\" data-id=\"17730e02\" data-element_type=\"column\" data-e-type=\"column\">\n\t\t\t<div class=\"elementor-widget-wrap elementor-element-populated\">\n\t\t\t\t\t\t<div class=\"elementor-element elementor-element-482a856c elementor-widget elementor-widget-text-editor\" data-id=\"482a856c\" data-element_type=\"widget\" data-e-type=\"widget\" data-widget_type=\"text-editor.default\">\n\t\t\t\t<div class=\"elementor-widget-container\">\n\t\t\t\t\t\t\t\t\t<p><\/p>\n<p>Jestem psychologiem, certyfikowanym psychoterapeut\u0105 (PTP nr 238), superwizorem-aplikantem Polskiego Towarzystwa Psychologicznego (PTP nr 44), certyfikowanym terapeut\u0105 \u015brodowiskowym Polskiego Towarzystwa Psychiatrycznego (SNP\u015aiR PTP nr 315\/2014) oraz specjalist\u0105 psychoterapii dzieci i m\u0142odzie\u017cy.<br \/>Pracuj\u0119 w nurcie psychodynamicznym. Jestem zwi\u0105zany z Krakowskim Centrum Psychodynamicznym, gdzie uko\u0144czy\u0142em ca\u0142o\u015bciowe szkolenie Szko\u0142\u0119 Psychoterapii Psychodynamicznej oraz Studium Socjoterapii i Terapii M\u0142odzie\u017cy.<\/p>\n<p>Jako psychoterapeuta pracuj\u0119 od 17 lat.<\/p>\n<p>Jestem cz\u0142onkiem Polskiego Towarzystwa Psychologicznego, Polskiego Towarzystwa Psychiatrycznego, Polskiego Towarzystwa Psychoterapii Psychodynamicznej oraz European Society for Trauma and Dissociation (ESTD).<\/p>\n<p><\/p>\t\t\t\t\t\t\t\t<\/div>\n\t\t\t\t<\/div>\n\t\t\t\t\t<\/div>\n\t\t<\/div>\n\t\t\t\t\t<\/div>\n\t\t<\/section>\n\t\t\t\t<\/div>\n\t\t","protected":false},"excerpt":{"rendered":"<p>Leszek Albert Jestem psychologiem, certyfikowanym psychoterapeut\u0105 (PTP nr 238), superwizorem-aplikantem Polskiego Towarzystwa Psychologicznego (PTP nr 44), certyfikowanym terapeut\u0105 \u015brodowiskowym Polskiego Towarzystwa Psychiatrycznego (SNP\u015aiR PTP nr 315\/2014) oraz specjalist\u0105 psychoterapii dzieci i m\u0142odzie\u017cy.Pracuj\u0119 w nurcie psychodynamicznym. Jestem zwi\u0105zany z Krakowskim Centrum Psychodynamicznym, gdzie uko\u0144czy\u0142em ca\u0142o\u015bciowe szkolenie Szko\u0142\u0119 Psychoterapii Psychodynamicznej oraz Studium Socjoterapii i Terapii M\u0142odzie\u017cy. Jako [&hellip;]<\/p>\n","protected":false},"author":1,"featured_media":0,"parent":0,"menu_order":0,"comment_status":"closed","ping_status":"open","template":"","meta":{"footnotes":""},"class_list":["post-2","page","type-page","status-publish","h-entry","hentry"],"_links":{"self":[{"href":"https:\/\/psycholog-psychoterapeuta.slask.pl\/index.php\/wp-json\/wp\/v2\/pages\/2","targetHints":{"allow":["GET"]}}],"collection":[{"href":"https:\/\/psycholog-psychoterapeuta.slask.pl\/index.php\/wp-json\/wp\/v2\/pages"}],"about":[{"href":"https:\/\/psycholog-psychoterapeuta.slask.pl\/index.php\/wp-json\/wp\/v2\/types\/page"}],"author":[{"embeddable":true,"href":"https:\/\/psycholog-psychoterapeuta.slask.pl\/index.php\/wp-json\/wp\/v2\/users\/1"}],"replies":[{"embeddable":true,"href":"https:\/\/psycholog-psychoterapeuta.slask.pl\/index.php\/wp-json\/wp\/v2\/comments?post=2"}],"version-history":[{"count":7,"href":"https:\/\/psycholog-psychoterapeuta.slask.pl\/index.php\/wp-json\/wp\/v2\/pages\/2\/revisions"}],"predecessor-version":[{"id":84,"href":"https:\/\/psycholog-psychoterapeuta.slask.pl\/index.php\/wp-json\/wp\/v2\/pages\/2\/revisions\/84"}],"wp:attachment":[{"href":"https:\/\/psycholog-psychoterapeuta.slask.pl\/index.php\/wp-json\/wp\/v2\/media?parent=2"}],"curies":[{"name":"wp","href":"https:\/\/api.w.org\/{rel}","templated":true}]}}